{"id":2,"date":"2015-03-09T14:25:11","date_gmt":"2015-03-09T13:25:11","guid":{"rendered":"http:\/\/50hz.club\/av2\/?page_id=2"},"modified":"2015-03-09T14:25:11","modified_gmt":"2015-03-09T13:25:11","slug":"about","status":"publish","type":"page","link":"https:\/\/50hz.club\/av2\/about\/","title":{"rendered":"about \/ contact"},"content":{"rendered":"<p><strong>AV2 <\/strong>est <strong>Clinch<\/strong> (Nantes) &amp;<strong> Pierre Pierre Pierre <\/strong>(Niort)<\/p>\n<p>T\u00e9l\u00e9viseurs branch\u00e9s sur Tables de mixages en circuit ferm\u00e9s<br \/>\nPas d&#8217;effets, pas de traitement, pas de filtre, pas de vhs&#8230;<\/p>\n<p><a href=\"http:\/\/50hz.club\/AV2\/wp-content\/uploads\/sites\/2\/2015\/03\/IMG_0580.jpg\" rel=\"lightbox-0\"><img loading=\"lazy\" decoding=\"async\" class=\"alignnone size-large wp-image-232\" src=\"http:\/\/50hz.club\/AV2\/wp-content\/uploads\/sites\/2\/2015\/03\/IMG_0580-1024x576.jpg\" alt=\"img_0580\" width=\"474\" height=\"267\" \/><\/a><\/p>\n<p>Ode \u00e0 l&#8217;\u00e8re de la t\u00e9l\u00e9vision analogique, AV2 r\u00e9introduit le plateaux t\u00e9l\u00e9 dans les sorties branch\u00e9es du samedi soir. Scintillement excessif, balayage en noir et blanc, contraste de 1ere classe, abrutissement cathodique et ramollissement intellectuel&#8230; Adeptes du zapping fr\u00e9n\u00e9tique autant que du demi-sommeil devant la mire, AV2 se colle \u00e0 l\u2019\u00e9cran et arrache un panorama audiovisuel sans d\u00e9codeur ni redevance.<\/p>\n<p><strong># # #<\/strong><br \/>\nexperimental music, noise, pure tones, no-input, feedback, mixers, television, audiovisual, cathodique<\/p>\n<p><strong>Contact<\/strong><br \/>\npierre\/at\/50hz\/point\/club<\/p>\n<p><strong>Liens :<\/strong><br \/>\nClinch et\/ou Pierre Pierre Pierre font\/faisaient aussi partie de<br \/>\n<a href=\"https:\/\/www.facebook.com\/set30dy10\">Set\/30&#8242;<\/a><br \/>\n<a href=\"http:\/\/www.cablenantes.org\" target=\"_blank\" rel=\"noopener\">Cable#<\/a><br \/>\n<a href=\"https:\/\/50-hz.bandcamp.com\/album\/crises\">Ya Aha<\/a><br \/>\n<a href=\"http:\/\/50hz.club\/zeropixel\/\">Z\u00e9ro Pixel<\/a><br \/>\n<a href=\"http:\/\/www.mire-exp.org\">Mire<\/a><br \/>\n<a href=\"https:\/\/www.discogs.com\/artist\/521447-Formanex\">Formanex<\/a><br \/>\n<a href=\"https:\/\/subutexsocialclub.bandcamp.com\/releases\">Subutex Social Club<\/a><\/p>\n","protected":false},"excerpt":{"rendered":"<p>AV2 est Clinch (Nantes) &amp; Pierre Pierre Pierre (Niort) T\u00e9l\u00e9viseurs branch\u00e9s sur Tables de mixages en circuit ferm\u00e9s Pas d&#8217;effets, pas de traitement, pas de filtre, pas de vhs&#8230; Ode \u00e0 l&#8217;\u00e8re de la t\u00e9l\u00e9vision analogique, AV2 r\u00e9introduit le plateaux t\u00e9l\u00e9 dans les sorties branch\u00e9es du samedi soir. Scintillement excessif, balayage en noir et blanc, &hellip; <a href=\"https:\/\/50hz.club\/av2\/about\/\" class=\"more-link\">Continuer la lecture de <span class=\"screen-reader-text\">about \/ contact<\/span>  <span class=\"meta-nav\">&rarr;<\/span><\/a><\/p>\n","protected":false},"author":1,"featured_media":0,"parent":0,"menu_order":0,"comment_status":"closed","ping_status":"closed","template":"","meta":{"_acf_changed":false,"footnotes":""},"class_list":["post-2","page","type-page","status-publish","hentry"],"acf":[],"_links":{"self":[{"href":"https:\/\/50hz.club\/av2\/wp-json\/wp\/v2\/pages\/2","targetHints":{"allow":["GET"]}}],"collection":[{"href":"https:\/\/50hz.club\/av2\/wp-json\/wp\/v2\/pages"}],"about":[{"href":"https:\/\/50hz.club\/av2\/wp-json\/wp\/v2\/types\/page"}],"author":[{"embeddable":true,"href":"https:\/\/50hz.club\/av2\/wp-json\/wp\/v2\/users\/1"}],"replies":[{"embeddable":true,"href":"https:\/\/50hz.club\/av2\/wp-json\/wp\/v2\/comments?post=2"}],"version-history":[{"count":0,"href":"https:\/\/50hz.club\/av2\/wp-json\/wp\/v2\/pages\/2\/revisions"}],"wp:attachment":[{"href":"https:\/\/50hz.club\/av2\/wp-json\/wp\/v2\/media?parent=2"}],"curies":[{"name":"wp","href":"https:\/\/api.w.org\/{rel}","templated":true}]}}