{"id":10115,"date":"2020-02-25T21:39:00","date_gmt":"2020-02-25T20:39:00","guid":{"rendered":"http:\/\/50hz.club\/AV2\/?page_id=10115"},"modified":"2020-02-25T21:39:00","modified_gmt":"2020-02-25T20:39:00","slug":"avscope","status":"publish","type":"page","link":"https:\/\/50hz.club\/av2\/avscope\/","title":{"rendered":"AVScope"},"content":{"rendered":"<p>AV2 nouvelle saveur, des stroboscopes pour les yeux, des clicks de feedback pour les oreilles et une longue mont\u00e9e qui acc\u00e9l\u00e8re et qui ralenti en m\u00eame temps pour headbanger.<\/p>\n<p><a href=\"http:\/\/50hz.club\/AV2\/wp-content\/uploads\/sites\/2\/2020\/02\/vlcsnap-2020-02-25-21h28m46s005.png\" rel=\"lightbox-0\"><img loading=\"lazy\" decoding=\"async\" class=\"aligncenter size-large wp-image-10116\" src=\"http:\/\/50hz.club\/AV2\/wp-content\/uploads\/sites\/2\/2020\/02\/vlcsnap-2020-02-25-21h28m46s005-1024x576.png\" alt=\"\" width=\"474\" height=\"267\" \/><\/a><\/p>\n<div style=\"padding:56.25% 0 0 0;position:relative\"><\/div>\n","protected":false},"excerpt":{"rendered":"<p>AV2 nouvelle saveur, des stroboscopes pour les yeux, des clicks de feedback pour les oreilles et une longue mont\u00e9e qui acc\u00e9l\u00e8re et qui ralenti en m\u00eame temps pour headbanger.<\/p>\n","protected":false},"author":1,"featured_media":0,"parent":0,"menu_order":0,"comment_status":"closed","ping_status":"closed","template":"","meta":{"_acf_changed":false,"footnotes":""},"class_list":["post-10115","page","type-page","status-publish","hentry"],"acf":[],"_links":{"self":[{"href":"https:\/\/50hz.club\/av2\/wp-json\/wp\/v2\/pages\/10115","targetHints":{"allow":["GET"]}}],"collection":[{"href":"https:\/\/50hz.club\/av2\/wp-json\/wp\/v2\/pages"}],"about":[{"href":"https:\/\/50hz.club\/av2\/wp-json\/wp\/v2\/types\/page"}],"author":[{"embeddable":true,"href":"https:\/\/50hz.club\/av2\/wp-json\/wp\/v2\/users\/1"}],"replies":[{"embeddable":true,"href":"https:\/\/50hz.club\/av2\/wp-json\/wp\/v2\/comments?post=10115"}],"version-history":[{"count":0,"href":"https:\/\/50hz.club\/av2\/wp-json\/wp\/v2\/pages\/10115\/revisions"}],"wp:attachment":[{"href":"https:\/\/50hz.club\/av2\/wp-json\/wp\/v2\/media?parent=10115"}],"curies":[{"name":"wp","href":"https:\/\/api.w.org\/{rel}","templated":true}]}}