{"id":169,"date":"2020-04-01T19:25:07","date_gmt":"2020-04-01T17:25:07","guid":{"rendered":"http:\/\/50hz.club\/radio\/?page_id=2"},"modified":"2024-09-08T20:30:17","modified_gmt":"2024-09-08T18:30:17","slug":"page-d-exemple","status":"publish","type":"page","link":"http:\/\/50hz.club\/radio-rien\/","title":{"rendered":""},"content":{"rendered":"\n<h1 class=\"wp-block-heading\">R A D I O<\/h1>\n\n\n\n<h1 class=\"wp-block-heading has-text-align-right\">R I E N<\/h1>\n\n\n\n<p><\/p>\n\n\n\n<hr style=\"border-bottom: 1em solid #000; margin: 12em 0 1em 0;\">\n\n\n\n<h3 style=\"text-align: justify; text-align-last: justify; margin-bottom: 4em;\">a r c h i v e s<\/h3>\n\n\n\n<p>06\/06\/2021 &#8212; RIEN #5<\/p>\n\n\n\n<ul class=\"wp-block-list\">\n<li>Recette des Cordons-Bleus \u00e0 la Unas \u00e0 Rennes<\/li>\n\n\n\n<li>Un atelier son par Thomas Tilly \u00e0 Montreuill<\/li>\n\n\n\n<li>La cie. Veiculo Longo s&rsquo;entra\u00eene et r\u00e9p\u00e8te sur les graviers de Corbigny<\/li>\n<\/ul>\n\n\n\n<figure class=\"wp-block-audio\"><audio controls src=\"http:\/\/50hz.club\/radio-rien\/wp-content\/uploads\/sites\/9\/2021\/06\/radio_rien_juin21.mp3\"><\/audio><\/figure>\n\n\n\n<p>&nbsp;<\/p>\n\n\n\n<p>08\/05\/2021 &#8212; RIEN \u00c0 ACCONS<\/p>\n\n\n\n<ul class=\"wp-block-list\">\n<li>Tournage de Grosse Rando (nom provisoire)<\/li>\n\n\n\n<li>Promenade parmis les douglas<\/li>\n\n\n\n<li>Dewa Alit &amp; Gamelan Salukat (Genetic &#8211; Black Truffle)<\/li>\n\n\n\n<li>Gnocchis maison<\/li>\n<\/ul>\n\n\n\n<figure class=\"wp-block-audio\"><audio controls src=\"http:\/\/50hz.club\/radio-rien\/wp-content\/uploads\/sites\/9\/2021\/05\/radio_rien_accons.mp3\"><\/audio><\/figure>\n\n\n\n<p>&nbsp;<\/p>\n\n\n\n<p>04\/04\/2021 &#8212; PROMENADE \u00c0 BREST<\/p>\n\n\n\n<ul class=\"wp-block-list\">\n<li><a href=\"https:\/\/soundcloud.com\/lorne-kurten\">Lorne Kurten<\/a> et sa chorale aux halles Saint Martin<\/li>\n\n\n\n<li><a href=\"http:\/\/antoinegarrec.fr\/\">Antoine Garrec<\/a> chez lui<\/li>\n\n\n\n<li>Anna DG &amp; Yvan au t\u00e9l\u00e9phone<\/li>\n<\/ul>\n\n\n\n<figure class=\"wp-block-audio\"><audio controls src=\"http:\/\/50hz.club\/radio-rien\/wp-content\/uploads\/sites\/9\/2021\/04\/DAB_2021-04-04_18h.mp3\"><\/audio><\/figure>\n\n\n\n<p>&nbsp;<\/p>\n\n\n\n<p>28\/02\/2021 &#8212; BULB \u00c0 LA PREUX<\/p>\n\n\n\n<ul class=\"wp-block-list\">\n<li>Improvisation et bandes : Robin Polign\u00e9 &amp; PPP<\/li>\n\n\n\n<li>La recette du Carreiteiro par Larissa &#8211; extrait de la K7 : <a href=\"https:\/\/50hz.club\/recs\/carreiteiro\/\">Carreiteiro &#8211; Bulb<\/a><\/li>\n<\/ul>\n\n\n\n<p>31\/01\/2021 &#8212; DIGESTION, CONCERT ET FRITURES<\/p>\n\n\n\n<ul class=\"wp-block-list\">\n<li>Enregistrements divers<\/li>\n\n\n\n<li>NO PA de <a href=\"https:\/\/www.hideousreplica.co.uk\/no-pa-on\">Louie Rice &amp; Luciano Maggiore,<\/a> enregistr\u00e9 par After Action Review (<a href=\"http:\/\/a-a-r.net\/___19-12-08___NOPA.mp3\">mp3<\/a>)<\/li>\n\n\n\n<li><a href=\"https:\/\/arielletombale.bandcamp.com\/track\/04-le-banc-de-gravier-le-plus-septentrional-th-me-le-p-le-nord\"><span class=\"track-title\">Le banc de gravier le plus septentrional<\/span><\/a> <span class=\"time secondaryText\">de <\/span><a href=\"https:\/\/arielletombale.bandcamp.com\/releases\">Arielle Tombale<\/a><\/li>\n<\/ul>\n","protected":false},"excerpt":{"rendered":"<p>R A D I O R I E N a r c h i v e s 06\/06\/2021 &#8212; RIEN #5 &nbsp; 08\/05\/2021 &#8212; RIEN \u00c0 ACCONS &nbsp; 04\/04\/2021 &#8212; PROMENADE \u00c0 BREST &nbsp; 28\/02\/2021 &#8212; BULB \u00c0 LA PREUX 31\/01\/2021 &#8212; DIGESTION, CONCERT ET FRITURES<\/p>\n","protected":false},"author":1,"featured_media":0,"parent":0,"menu_order":0,"comment_status":"closed","ping_status":"closed","template":"","meta":{"footnotes":""},"class_list":["post-169","page","type-page","status-publish","hentry"],"_links":{"self":[{"href":"http:\/\/50hz.club\/radio-rien\/wp-json\/wp\/v2\/pages\/169","targetHints":{"allow":["GET"]}}],"collection":[{"href":"http:\/\/50hz.club\/radio-rien\/wp-json\/wp\/v2\/pages"}],"about":[{"href":"http:\/\/50hz.club\/radio-rien\/wp-json\/wp\/v2\/types\/page"}],"author":[{"embeddable":true,"href":"http:\/\/50hz.club\/radio-rien\/wp-json\/wp\/v2\/users\/1"}],"replies":[{"embeddable":true,"href":"http:\/\/50hz.club\/radio-rien\/wp-json\/wp\/v2\/comments?post=169"}],"version-history":[{"count":4,"href":"http:\/\/50hz.club\/radio-rien\/wp-json\/wp\/v2\/pages\/169\/revisions"}],"predecessor-version":[{"id":179,"href":"http:\/\/50hz.club\/radio-rien\/wp-json\/wp\/v2\/pages\/169\/revisions\/179"}],"wp:attachment":[{"href":"http:\/\/50hz.club\/radio-rien\/wp-json\/wp\/v2\/media?parent=169"}],"curies":[{"name":"wp","href":"https:\/\/api.w.org\/{rel}","templated":true}]}}