{"id":315,"date":"2019-01-16T10:20:18","date_gmt":"2019-01-16T09:20:18","guid":{"rendered":"http:\/\/50hz.club\/pierrepierrepierre\/?page_id=315"},"modified":"2024-09-27T22:39:20","modified_gmt":"2024-09-27T20:39:20","slug":"bio","status":"publish","type":"page","link":"http:\/\/50hz.club\/pierrepierrepierre\/bio\/","title":{"rendered":"Bio"},"content":{"rendered":"<p><span class=\"ox-1d17b7518d-gmail-im\"><strong>PIERRE PIERRE PIERRE (Fr)<\/strong><\/span><\/p>\n<p><span class=\"ox-1d17b7518d-gmail-im\">Self-taught sound artist interested in dysfunctional electronics and situations. Plays with <a href=\"http:\/\/50hz.club\/pierrepierrepierre\/bolo-eletronico\/\">hand-made electronics<\/a>, common and <a href=\"http:\/\/50hz.club\/AV2\">cheap hi-fi devices<\/a>, audio synthesis <a href=\"http:\/\/50hz.club\/pierrepierrepierre\/new-dance-trailer\/\">coding software.<\/a> Collaborating amongst other artists with Clinch (<a href=\"https:\/\/50hz.club\/AV2\/t\/av2-set-live\/\">AV2<\/a>), Will Guthrie (<a href=\"https:\/\/50hz.club\/AV2\/t\/wav2\/\">WAV2<\/a>), Rui Leal (<a href=\"http:\/\/50hz.club\/pierrepierrepierre\/r-r-r\/\">RRR<\/a>), Mariane Moula (Prana Cotta), Aur\u00e9lie Percevault (Smokeshow)\u2026 His work was presented along the years in France, Portugal, Indonesia, Japan, Belgium, and published by Amateur, Foug\u00e8re musique, Biome Tapes.<br \/>\n<\/span><\/p>\n<p>(Ex)-Member of Cable#, experimental music festival, and <a href=\"http:\/\/www.mire-exp.org\">Mire<\/a>, experimental cinema collective and organisation, in Nantes, France. With La M\u00e9andre collective and the company Veiculo Longo, PPP is participating in shows and projects for streets and public space. As member of the informal Concerts Dispers\u00e9s collective, he is involved the organization of off-grid meeting and performances in the center of France.<br \/>\nPPP is running <a href=\"https:\/\/50hz.club\/events\/\">50hz<\/a>, setting up events for experimental arts in various places.<\/p>\n<p>&#8211; &#8211; &#8211;<\/p>\n<p>Artiste autodidacte int\u00e9ress\u00e9 par les mat\u00e9riels et situations dysfonctionnelles. Joue avec des <a href=\"http:\/\/50hz.club\/pierrepierrepierre\/bolo-eletronico\/\">instruments \u00e9lectroniques faits-main<\/a>, des appareils hifi domestiques ou des langages de programmation informatique d\u00e9di\u00e9s \u00e0 la synth\u00e8se sonore.<br \/>\nA collabor\u00e9 entre autre avec Clinch (<span class=\"ox-1d17b7518d-gmail-im\"><a href=\"https:\/\/50hz.club\/AV2\/t\/av2-set-live\/\">AV2<\/a><\/span>), Will Guthrie (<span class=\"ox-1d17b7518d-gmail-im\"><a href=\"https:\/\/50hz.club\/AV2\/t\/wav2\/\">WAV2<\/a><\/span>), Rui Leal (<span class=\"ox-1d17b7518d-gmail-im\"><a href=\"http:\/\/50hz.club\/pierrepierrepierre\/r-r-r\/\">RRR<\/a><\/span>), <span class=\"ox-1d17b7518d-gmail-im\">Mariane Moula (Prana Cotta), Aur\u00e9lie Percevault (Smokeshow)&#8230; Son travail a \u00e9t\u00e9 pr\u00e9sent\u00e9 au long des ann\u00e9es en France, Portugal, Indon\u00e9sie, Japon, Belgique et publi\u00e9 par Amateur, Foug\u00e8re Musique, Biome Tapes.<br \/>\n<\/span><\/p>\n<p>Membre du feu CABLE#, festival de musiques exp\u00e9rimentales, et <a href=\"https:\/\/www.mire-exp.org\">Mire<\/a>, association de cin\u00e9ma exp\u00e9rimental, \u00e0 Nantes. Avec le collectif La M\u00e9andre et la compagnie Veiculo Longo, PPP participe \u00e0 des spectacles et projets pour l&rsquo;espace public et la rue. En tant que membre du groupe informel Concerts Disepers\u00e9s, il participe \u00e0 l&rsquo;organisation de rencontres et de performances hors du r\u00e9seau \u00e9lectrique dans le centre de la France.<br \/>\nPPP organise des \u00e9v\u00e8nements de mani\u00e8re sporadique sous le nom de 50hz.club &#8230;<\/p>\n<p><a href=\"http:\/\/50hz.club\/pierrepierrepierre\/wp-content\/uploads\/sites\/4\/2020\/05\/ppp_guitar.jpg\" rel=\"lightbox-0\"><img loading=\"lazy\" decoding=\"async\" class=\"aligncenter size-large wp-image-399\" src=\"http:\/\/50hz.club\/pierrepierrepierre\/wp-content\/uploads\/sites\/4\/2020\/05\/ppp_guitar-1024x692.jpg\" alt=\"\" width=\"739\" height=\"499\" \/><\/a><a href=\"http:\/\/50hz.club\/pierrepierrepierre\/wp-content\/uploads\/sites\/4\/2019\/01\/AuBlockhaus.jpg\" rel=\"lightbox-1\"><img loading=\"lazy\" decoding=\"async\" class=\"aligncenter size-large wp-image-316\" src=\"http:\/\/50hz.club\/pierrepierrepierre\/wp-content\/uploads\/sites\/4\/2019\/01\/AuBlockhaus-1024x768.jpg\" alt=\"\" width=\"739\" height=\"554\" \/><\/a><a href=\"http:\/\/50hz.club\/pierrepierrepierre\/wp-content\/uploads\/sites\/4\/2018\/01\/PPP-09-2017-Chalon-creditPierreAcobas-P2070821_cb.jpg\" rel=\"lightbox-2\"><img loading=\"lazy\" decoding=\"async\" class=\"aligncenter size-large wp-image-14\" src=\"http:\/\/50hz.club\/pierrepierrepierre\/wp-content\/uploads\/sites\/4\/2018\/01\/PPP-09-2017-Chalon-creditPierreAcobas-P2070821_cb-1024x683.jpg\" alt=\"\" width=\"739\" height=\"493\" \/><\/a><a href=\"http:\/\/50hz.club\/pierrepierrepierre\/wp-content\/uploads\/sites\/4\/2019\/01\/SoundVille.jpg\" rel=\"lightbox-3\"><img loading=\"lazy\" decoding=\"async\" class=\"aligncenter size-large wp-image-325\" src=\"http:\/\/50hz.club\/pierrepierrepierre\/wp-content\/uploads\/sites\/4\/2019\/01\/SoundVille-1024x768.jpg\" alt=\"\" width=\"739\" height=\"554\" \/><\/a><a href=\"http:\/\/50hz.club\/pierrepierrepierre\/wp-content\/uploads\/sites\/4\/2019\/01\/tete-de-fou.jpg\" rel=\"lightbox-4\"><img loading=\"lazy\" decoding=\"async\" class=\"aligncenter size-large wp-image-326\" src=\"http:\/\/50hz.club\/pierrepierrepierre\/wp-content\/uploads\/sites\/4\/2019\/01\/tete-de-fou-1024x922.jpg\" alt=\"\" width=\"739\" height=\"665\" \/><\/a><\/p>\n<p><a href=\"https:\/\/50hz.club\/pierrepierrepierre\">https:\/\/50hz.club\/pierrepierrepierre<\/a><br \/>\n<a href=\"https:\/\/soundcloud.com\/pierrepierrepierre-1\">https:\/\/soundcloud.com\/pierrepierrepierre-1<\/a><br \/>\n<a href=\"mailto:pierre@50hz.club\"> pierre@50hz.club<\/a><\/p>\n\n\n<hr class=\"wp-block-separator has-alpha-channel-opacity\"\/>\n\n\n\n<h2 class=\"wp-block-heading\">Portfolio<\/h2>\n\n\n\n<div class=\"wp-block-file\"><a id=\"wp-block-file--media-4a910b03-f7ec-4b43-8a8e-159a4cf9f63a\" href=\"http:\/\/50hz.club\/pierrepierrepierre\/wp-content\/uploads\/sites\/4\/2024\/09\/Portfolio-2024-medium.pdf\" target=\"_blank\" rel=\"noreferrer noopener\">Portfolio-2024-medium<\/a><a href=\"http:\/\/50hz.club\/pierrepierrepierre\/wp-content\/uploads\/sites\/4\/2024\/09\/Portfolio-2024-medium.pdf\" class=\"wp-block-file__button wp-element-button\" download aria-describedby=\"wp-block-file--media-4a910b03-f7ec-4b43-8a8e-159a4cf9f63a\">T\u00e9l\u00e9charger<\/a><\/div>\n\n\n\n<p><\/p>\n","protected":false},"excerpt":{"rendered":"<p>PIERRE PIERRE PIERRE (Fr) Self-taught sound artist interested in dysfunctional electronics and situations. Plays with hand-made electronics, common and cheap hi-fi devices, audio synthesis coding software. Collaborating amongst other artists with Clinch (AV2), Will Guthrie (WAV2), Rui Leal (RRR), Mariane Moula (Prana Cotta), Aur\u00e9lie Percevault (Smokeshow)\u2026 His work was presented along the years in France,&hellip; <a class=\"more-link\" href=\"http:\/\/50hz.club\/pierrepierrepierre\/bio\/\">Continue reading <span class=\"screen-reader-text\">Bio<\/span> <span class=\"meta-nav\" aria-hidden=\"true\">&rarr;<\/span><\/a><\/p>\n","protected":false},"author":1,"featured_media":0,"parent":0,"menu_order":0,"comment_status":"closed","ping_status":"closed","template":"","meta":{"footnotes":""},"class_list":["post-315","page","type-page","status-publish","hentry"],"_links":{"self":[{"href":"http:\/\/50hz.club\/pierrepierrepierre\/wp-json\/wp\/v2\/pages\/315","targetHints":{"allow":["GET"]}}],"collection":[{"href":"http:\/\/50hz.club\/pierrepierrepierre\/wp-json\/wp\/v2\/pages"}],"about":[{"href":"http:\/\/50hz.club\/pierrepierrepierre\/wp-json\/wp\/v2\/types\/page"}],"author":[{"embeddable":true,"href":"http:\/\/50hz.club\/pierrepierrepierre\/wp-json\/wp\/v2\/users\/1"}],"replies":[{"embeddable":true,"href":"http:\/\/50hz.club\/pierrepierrepierre\/wp-json\/wp\/v2\/comments?post=315"}],"version-history":[{"count":2,"href":"http:\/\/50hz.club\/pierrepierrepierre\/wp-json\/wp\/v2\/pages\/315\/revisions"}],"predecessor-version":[{"id":577,"href":"http:\/\/50hz.club\/pierrepierrepierre\/wp-json\/wp\/v2\/pages\/315\/revisions\/577"}],"wp:attachment":[{"href":"http:\/\/50hz.club\/pierrepierrepierre\/wp-json\/wp\/v2\/media?parent=315"}],"curies":[{"name":"wp","href":"https:\/\/api.w.org\/{rel}","templated":true}]}}