{"id":7,"date":"2020-10-20T10:51:45","date_gmt":"2020-10-20T08:51:45","guid":{"rendered":"http:\/\/50hz.club\/lalapipi\/?page_id=6"},"modified":"2020-10-20T10:51:45","modified_gmt":"2020-10-20T08:51:45","slug":"about","status":"publish","type":"page","link":"http:\/\/50hz.club\/lalapipi\/","title":{"rendered":"About"},"content":{"rendered":"<div id=\"primary\" class=\"content-area\">\n<div id=\"content\" class=\"site-content\" role=\"main\">\n<p>Larissa Lewandowski (br)<br \/>\nPierre Pierre Pierre (fr)<\/p>\n<figure id=\"attachment_9\" aria-describedby=\"caption-attachment-9\" style=\"width: 739px\" class=\"wp-caption alignnone\"><a href=\"http:\/\/v2.50hz.club\/lalapipi\/wp-content\/uploads\/sites\/11\/2020\/10\/lala_pipi_erva-1.jpg\" rel=\"lightbox-0\"><img loading=\"lazy\" decoding=\"async\" class=\"wp-image-9 size-large\" src=\"http:\/\/v2.50hz.club\/lalapipi\/wp-content\/uploads\/sites\/11\/2020\/10\/lala_pipi_erva-1-768x1024.jpg\" alt=\"\" width=\"739\" height=\"985\" srcset=\"http:\/\/50hz.club\/lalapipi\/wp-content\/uploads\/sites\/11\/2020\/10\/lala_pipi_erva-1-768x1024.jpg 768w, http:\/\/50hz.club\/lalapipi\/wp-content\/uploads\/sites\/11\/2020\/10\/lala_pipi_erva-1-225x300.jpg 225w, http:\/\/50hz.club\/lalapipi\/wp-content\/uploads\/sites\/11\/2020\/10\/lala_pipi_erva-1-1152x1536.jpg 1152w, http:\/\/50hz.club\/lalapipi\/wp-content\/uploads\/sites\/11\/2020\/10\/lala_pipi_erva-1.jpg 1536w\" sizes=\"auto, (max-width: 739px) 100vw, 739px\" \/><\/a><figcaption id=\"caption-attachment-9\" class=\"wp-caption-text\">(Rosa Imunda, Porto, 2019)<\/figcaption><\/figure>\n<hr \/>\n<p><!-- CONTENT TEMPLATE --><\/p>\n<article id=\"video-1\" class=\"\">\n<div class=\"entry-content\"><\/div>\n<\/article>\n<p>Parcours :<\/p>\n<ul>\n<li>R\u00e9sidence au Maquis &#8211; Brest &#8212; Janvier 2020<\/li>\n<li>R\u00e9sidence au Lieux Multiple \/ EMF &#8211; Poitiers &#8212; Janvier 2020<\/li>\n<li>R\u00e9sidence &amp; Programmation au Jardin C &#8211; Nantes &#8212; Ao\u00fbt 2020 &gt; <a href=\"https:\/\/50hz.club\/events\/7-8-9-08-20-lala-pipi-au-jardin-c\/\">programme<\/a><\/li>\n<\/ul>\n<hr \/>\n<article id=\"dossier\" class=\"\">\n<div class=\"entry-content\">\n<p>Presentation :<\/p>\n<ul>\n<li><a href=\"http:\/\/v2.50hz.club\/lalapipi\/wp-content\/uploads\/sites\/11\/2020\/10\/lalapipi_pres_2020-1.pdf\">Dossier Pr\u00e9sentation 2020<\/a> (pdf)<\/li>\n<\/ul>\n<hr \/>\n<\/div>\n<p><!-- .entry-content --><\/p>\n<\/article>\n<p><!-- #post-## --><\/p>\n<article id=\"images\" class=\"\">\n<div class=\"entry-content\">\n<p>Photos :<\/p>\n<div id='gallery-1' class='gallery galleryid-7 gallery-columns-2 gallery-size-medium'><figure class='gallery-item'>\n\t\t\t<div class='gallery-icon landscape'>\n\t\t\t\t<a href='http:\/\/50hz.club\/lalapipi\/wp-content\/uploads\/sites\/11\/2020\/10\/lalapipi_sonoscopia2-1.png' rel=\"lightbox[gallery-0]\"><img loading=\"lazy\" decoding=\"async\" width=\"300\" height=\"169\" src=\"http:\/\/50hz.club\/lalapipi\/wp-content\/uploads\/sites\/11\/2020\/10\/lalapipi_sonoscopia2-1-300x169.png\" class=\"attachment-medium size-medium\" alt=\"\" aria-describedby=\"gallery-1-14\" srcset=\"http:\/\/50hz.club\/lalapipi\/wp-content\/uploads\/sites\/11\/2020\/10\/lalapipi_sonoscopia2-1-300x169.png 300w, http:\/\/50hz.club\/lalapipi\/wp-content\/uploads\/sites\/11\/2020\/10\/lalapipi_sonoscopia2-1-1024x576.png 1024w, http:\/\/50hz.club\/lalapipi\/wp-content\/uploads\/sites\/11\/2020\/10\/lalapipi_sonoscopia2-1-768x432.png 768w, http:\/\/50hz.club\/lalapipi\/wp-content\/uploads\/sites\/11\/2020\/10\/lalapipi_sonoscopia2-1-1536x864.png 1536w, http:\/\/50hz.club\/lalapipi\/wp-content\/uploads\/sites\/11\/2020\/10\/lalapipi_sonoscopia2-1.png 1920w\" sizes=\"auto, (max-width: 300px) 100vw, 300px\" \/><\/a>\n\t\t\t<\/div>\n\t\t\t\t<figcaption class='wp-caption-text gallery-caption' id='gallery-1-14'>\n\t\t\t\t(Sonoscopia, Porto, 2019)\n\t\t\t\t<\/figcaption><\/figure><figure class='gallery-item'>\n\t\t\t<div class='gallery-icon landscape'>\n\t\t\t\t<a href='http:\/\/50hz.club\/lalapipi\/wp-content\/uploads\/sites\/11\/2020\/10\/lalapipi_sonoscopia-1.png' rel=\"lightbox[gallery-0]\"><img loading=\"lazy\" decoding=\"async\" width=\"300\" height=\"169\" src=\"http:\/\/50hz.club\/lalapipi\/wp-content\/uploads\/sites\/11\/2020\/10\/lalapipi_sonoscopia-1-300x169.png\" class=\"attachment-medium size-medium\" alt=\"\" srcset=\"http:\/\/50hz.club\/lalapipi\/wp-content\/uploads\/sites\/11\/2020\/10\/lalapipi_sonoscopia-1-300x169.png 300w, http:\/\/50hz.club\/lalapipi\/wp-content\/uploads\/sites\/11\/2020\/10\/lalapipi_sonoscopia-1-1024x576.png 1024w, http:\/\/50hz.club\/lalapipi\/wp-content\/uploads\/sites\/11\/2020\/10\/lalapipi_sonoscopia-1-768x432.png 768w, http:\/\/50hz.club\/lalapipi\/wp-content\/uploads\/sites\/11\/2020\/10\/lalapipi_sonoscopia-1-1536x864.png 1536w, http:\/\/50hz.club\/lalapipi\/wp-content\/uploads\/sites\/11\/2020\/10\/lalapipi_sonoscopia-1.png 1920w\" sizes=\"auto, (max-width: 300px) 100vw, 300px\" \/><\/a>\n\t\t\t<\/div><\/figure>\n\t\t<\/div>\n\n<div id='gallery-2' class='gallery galleryid-7 gallery-columns-3 gallery-size-large'><figure class='gallery-item'>\n\t\t\t<div class='gallery-icon landscape'>\n\t\t\t\t<a href='http:\/\/50hz.club\/lalapipi\/wp-content\/uploads\/sites\/11\/2020\/10\/lalapipi_lieumultiple-emf3-1-scaled.jpg' rel=\"lightbox[gallery-0]\"><img loading=\"lazy\" decoding=\"async\" width=\"739\" height=\"493\" src=\"http:\/\/50hz.club\/lalapipi\/wp-content\/uploads\/sites\/11\/2020\/10\/lalapipi_lieumultiple-emf3-1-1024x683.jpg\" class=\"attachment-large size-large\" alt=\"\" aria-describedby=\"gallery-2-12\" srcset=\"http:\/\/50hz.club\/lalapipi\/wp-content\/uploads\/sites\/11\/2020\/10\/lalapipi_lieumultiple-emf3-1-1024x683.jpg 1024w, http:\/\/50hz.club\/lalapipi\/wp-content\/uploads\/sites\/11\/2020\/10\/lalapipi_lieumultiple-emf3-1-300x200.jpg 300w, http:\/\/50hz.club\/lalapipi\/wp-content\/uploads\/sites\/11\/2020\/10\/lalapipi_lieumultiple-emf3-1-768x512.jpg 768w, http:\/\/50hz.club\/lalapipi\/wp-content\/uploads\/sites\/11\/2020\/10\/lalapipi_lieumultiple-emf3-1-1536x1024.jpg 1536w, http:\/\/50hz.club\/lalapipi\/wp-content\/uploads\/sites\/11\/2020\/10\/lalapipi_lieumultiple-emf3-1-2048x1365.jpg 2048w\" sizes=\"auto, (max-width: 739px) 100vw, 739px\" \/><\/a>\n\t\t\t<\/div>\n\t\t\t\t<figcaption class='wp-caption-text gallery-caption' id='gallery-2-12'>\n\t\t\t\t(Lieu Multiple \/ EMF, Poitiers, 2020)\n\t\t\t\t<\/figcaption><\/figure><figure class='gallery-item'>\n\t\t\t<div class='gallery-icon landscape'>\n\t\t\t\t<a href='http:\/\/50hz.club\/lalapipi\/wp-content\/uploads\/sites\/11\/2020\/10\/lalapipi_lieumultiple-emf2-1-scaled.jpg' rel=\"lightbox[gallery-0]\"><img loading=\"lazy\" decoding=\"async\" width=\"739\" height=\"522\" src=\"http:\/\/50hz.club\/lalapipi\/wp-content\/uploads\/sites\/11\/2020\/10\/lalapipi_lieumultiple-emf2-1-1024x723.jpg\" class=\"attachment-large size-large\" alt=\"\" srcset=\"http:\/\/50hz.club\/lalapipi\/wp-content\/uploads\/sites\/11\/2020\/10\/lalapipi_lieumultiple-emf2-1-1024x723.jpg 1024w, http:\/\/50hz.club\/lalapipi\/wp-content\/uploads\/sites\/11\/2020\/10\/lalapipi_lieumultiple-emf2-1-300x212.jpg 300w, http:\/\/50hz.club\/lalapipi\/wp-content\/uploads\/sites\/11\/2020\/10\/lalapipi_lieumultiple-emf2-1-768x543.jpg 768w, http:\/\/50hz.club\/lalapipi\/wp-content\/uploads\/sites\/11\/2020\/10\/lalapipi_lieumultiple-emf2-1-1536x1085.jpg 1536w, http:\/\/50hz.club\/lalapipi\/wp-content\/uploads\/sites\/11\/2020\/10\/lalapipi_lieumultiple-emf2-1-2048x1447.jpg 2048w\" sizes=\"auto, (max-width: 739px) 100vw, 739px\" \/><\/a>\n\t\t\t<\/div><\/figure><figure class='gallery-item'>\n\t\t\t<div class='gallery-icon landscape'>\n\t\t\t\t<a href='http:\/\/50hz.club\/lalapipi\/wp-content\/uploads\/sites\/11\/2020\/10\/lalapipi_lieumultiple-emf-1-scaled.jpg' rel=\"lightbox[gallery-0]\"><img loading=\"lazy\" decoding=\"async\" width=\"739\" height=\"429\" src=\"http:\/\/50hz.club\/lalapipi\/wp-content\/uploads\/sites\/11\/2020\/10\/lalapipi_lieumultiple-emf-1-1024x594.jpg\" class=\"attachment-large size-large\" alt=\"\" srcset=\"http:\/\/50hz.club\/lalapipi\/wp-content\/uploads\/sites\/11\/2020\/10\/lalapipi_lieumultiple-emf-1-1024x594.jpg 1024w, http:\/\/50hz.club\/lalapipi\/wp-content\/uploads\/sites\/11\/2020\/10\/lalapipi_lieumultiple-emf-1-300x174.jpg 300w, http:\/\/50hz.club\/lalapipi\/wp-content\/uploads\/sites\/11\/2020\/10\/lalapipi_lieumultiple-emf-1-768x445.jpg 768w, http:\/\/50hz.club\/lalapipi\/wp-content\/uploads\/sites\/11\/2020\/10\/lalapipi_lieumultiple-emf-1-1536x890.jpg 1536w, http:\/\/50hz.club\/lalapipi\/wp-content\/uploads\/sites\/11\/2020\/10\/lalapipi_lieumultiple-emf-1-2048x1187.jpg 2048w\" sizes=\"auto, (max-width: 739px) 100vw, 739px\" \/><\/a>\n\t\t\t<\/div><\/figure>\n\t\t<\/div>\n\n<p>Vid\u00e9os :<\/p>\n<p><iframe loading=\"lazy\" width=\"739\" height=\"416\" src=\"https:\/\/www.youtube.com\/embed\/JJDeobi34ek?feature=oembed\" frameborder=\"0\" allow=\"accelerometer; autoplay; clipboard-write; encrypted-media; gyroscope; picture-in-picture\" allowfullscreen><\/iframe><\/p>\n<p>Nantes &#8211; Jardin C &#8211; Montage des r\u00e9p\u00e9titions &#8211; Ao\u00fbt 2020<\/p>\n<p><iframe loading=\"lazy\" src=\"https:\/\/player.vimeo.com\/video\/478403657?dnt=1&amp;app_id=122963\" width=\"739\" height=\"416\" frameborder=\"0\" allow=\"autoplay; fullscreen; picture-in-picture\" allowfullscreen title=\"pequena a&amp;ccedil;&amp;atilde;o anti-cotidiana\"><\/iframe><\/p>\n<p>Matosinhos \/ Porto &#8211; Improvisation &#8211; Octobre 2020<\/p>\n<p><iframe loading=\"lazy\" src=\"https:\/\/player.vimeo.com\/video\/350819087?dnt=1&amp;app_id=122963\" width=\"739\" height=\"416\" frameborder=\"0\" allow=\"autoplay; fullscreen; picture-in-picture\" allowfullscreen><\/iframe><\/p>\n<p>Porto &#8211; Premi\u00e8res recherches \u00e0 la maison &#8211; 2019 (mdp : feio )<\/p>\n<\/div>\n<p><!-- .entry-content --><\/p>\n<\/article>\n<p><!-- #post-## --><\/p>\n<p><!-- END CONTENT TEMPLATE --><\/p>\n<\/div>\n<p><!-- #content --><\/p>\n<\/div>\n<p><!-- #primary --><\/p>\n","protected":false},"excerpt":{"rendered":"<p>Larissa Lewandowski (br) Pierre Pierre Pierre (fr) Parcours : R\u00e9sidence au Maquis &#8211; Brest &#8212; Janvier 2020 R\u00e9sidence au Lieux Multiple \/ EMF &#8211; Poitiers &#8212; Janvier 2020 R\u00e9sidence &amp; Programmation au Jardin C &#8211; Nantes &#8212; Ao\u00fbt 2020 &gt; programme Presentation : Dossier Pr\u00e9sentation 2020 (pdf) Photos : Vid\u00e9os : Nantes &#8211; Jardin C&hellip; <a class=\"more-link\" href=\"http:\/\/50hz.club\/lalapipi\/\">Continue reading <span class=\"screen-reader-text\">About<\/span> <span class=\"meta-nav\" aria-hidden=\"true\">&rarr;<\/span><\/a><\/p>\n","protected":false},"author":1,"featured_media":9,"parent":0,"menu_order":0,"comment_status":"closed","ping_status":"closed","template":"","meta":{"footnotes":""},"class_list":["post-7","page","type-page","status-publish","has-post-thumbnail","hentry"],"_links":{"self":[{"href":"http:\/\/50hz.club\/lalapipi\/wp-json\/wp\/v2\/pages\/7","targetHints":{"allow":["GET"]}}],"collection":[{"href":"http:\/\/50hz.club\/lalapipi\/wp-json\/wp\/v2\/pages"}],"about":[{"href":"http:\/\/50hz.club\/lalapipi\/wp-json\/wp\/v2\/types\/page"}],"author":[{"embeddable":true,"href":"http:\/\/50hz.club\/lalapipi\/wp-json\/wp\/v2\/users\/1"}],"replies":[{"embeddable":true,"href":"http:\/\/50hz.club\/lalapipi\/wp-json\/wp\/v2\/comments?post=7"}],"version-history":[{"count":0,"href":"http:\/\/50hz.club\/lalapipi\/wp-json\/wp\/v2\/pages\/7\/revisions"}],"wp:featuredmedia":[{"embeddable":true,"href":"http:\/\/50hz.club\/lalapipi\/wp-json\/wp\/v2\/media\/9"}],"wp:attachment":[{"href":"http:\/\/50hz.club\/lalapipi\/wp-json\/wp\/v2\/media?parent=7"}],"curies":[{"name":"wp","href":"https:\/\/api.w.org\/{rel}","templated":true}]}}